{"id":25413,"date":"2020-07-02T14:44:47","date_gmt":"2020-07-02T12:44:47","guid":{"rendered":"https:\/\/no212.cz\/lokalita\/"},"modified":"2024-10-04T16:00:27","modified_gmt":"2024-10-04T14:00:27","slug":"location","status":"publish","type":"page","link":"https:\/\/no212.cz\/en\/location\/","title":{"rendered":"Location"},"content":{"rendered":"","protected":false},"excerpt":{"rendered":"","protected":false},"author":1,"featured_media":0,"parent":0,"menu_order":0,"comment_status":"closed","ping_status":"closed","template":"template-content.php","meta":{"footnotes":""},"class_list":["post-25413","page","type-page","status-publish","hentry"],"yoast_head":"<!-- This site is optimized with the Yoast SEO plugin v17.0 - https:\/\/yoast.com\/wordpress\/plugins\/seo\/ -->\n<meta name=\"robots\" content=\"index, follow, max-snippet:-1, max-image-preview:large, max-video-preview:-1\" \/>\n<link rel=\"canonical\" href=\"https:\/\/no212.cz\/en\/location\/\" \/>\n<meta property=\"og:locale\" content=\"en_US\" \/>\n<meta property=\"og:type\" content=\"article\" \/>\n<meta property=\"og:title\" content=\"Location - Baltaci Napajedla\" \/>\n<meta property=\"og:url\" content=\"https:\/\/no212.cz\/en\/location\/\" \/>\n<meta property=\"og:site_name\" content=\"Baltaci Napajedla\" \/>\n<meta property=\"article:modified_time\" content=\"2024-10-04T14:00:27+00:00\" \/>\n<meta name=\"twitter:card\" content=\"summary_large_image\" \/>\n<script type=\"application\/ld+json\" class=\"yoast-schema-graph\">{\"@context\":\"https:\/\/schema.org\",\"@graph\":[{\"@type\":\"WebSite\",\"@id\":\"https:\/\/no212.cz\/#website\",\"url\":\"https:\/\/no212.cz\/\",\"name\":\"Baltaci Napajedla\",\"description\":\"Dal\\u0161\\u00ed web pou\\u017e\\u00edvaj\\u00edc\\u00ed WordPress\",\"potentialAction\":[{\"@type\":\"SearchAction\",\"target\":{\"@type\":\"EntryPoint\",\"urlTemplate\":\"https:\/\/no212.cz\/?s={search_term_string}\"},\"query-input\":\"required name=search_term_string\"}],\"inLanguage\":\"en-US\"},{\"@type\":\"WebPage\",\"@id\":\"https:\/\/no212.cz\/en\/location\/#webpage\",\"url\":\"https:\/\/no212.cz\/en\/location\/\",\"name\":\"Location - Baltaci Napajedla\",\"isPartOf\":{\"@id\":\"https:\/\/no212.cz\/#website\"},\"datePublished\":\"2020-07-02T12:44:47+00:00\",\"dateModified\":\"2024-10-04T14:00:27+00:00\",\"breadcrumb\":{\"@id\":\"https:\/\/no212.cz\/en\/location\/#breadcrumb\"},\"inLanguage\":\"en-US\",\"potentialAction\":[{\"@type\":\"ReadAction\",\"target\":[\"https:\/\/no212.cz\/en\/location\/\"]}]},{\"@type\":\"BreadcrumbList\",\"@id\":\"https:\/\/no212.cz\/en\/location\/#breadcrumb\",\"itemListElement\":[{\"@type\":\"ListItem\",\"position\":1,\"name\":\"Dom\\u016f\",\"item\":\"https:\/\/no212.cz\/en\/\"},{\"@type\":\"ListItem\",\"position\":2,\"name\":\"Location\"}]}]}<\/script>\n<!-- \/ Yoast SEO plugin. -->","yoast_head_json":{"robots":{"index":"index","follow":"follow","max-snippet":"max-snippet:-1","max-image-preview":"max-image-preview:large","max-video-preview":"max-video-preview:-1"},"canonical":"https:\/\/no212.cz\/en\/location\/","og_locale":"en_US","og_type":"article","og_title":"Location - Baltaci Napajedla","og_url":"https:\/\/no212.cz\/en\/location\/","og_site_name":"Baltaci Napajedla","article_modified_time":"2024-10-04T14:00:27+00:00","twitter_card":"summary_large_image","schema":{"@context":"https:\/\/schema.org","@graph":[{"@type":"WebSite","@id":"https:\/\/no212.cz\/#website","url":"https:\/\/no212.cz\/","name":"Baltaci Napajedla","description":"Dal\u0161\u00ed web pou\u017e\u00edvaj\u00edc\u00ed WordPress","potentialAction":[{"@type":"SearchAction","target":{"@type":"EntryPoint","urlTemplate":"https:\/\/no212.cz\/?s={search_term_string}"},"query-input":"required name=search_term_string"}],"inLanguage":"en-US"},{"@type":"WebPage","@id":"https:\/\/no212.cz\/en\/location\/#webpage","url":"https:\/\/no212.cz\/en\/location\/","name":"Location - Baltaci Napajedla","isPartOf":{"@id":"https:\/\/no212.cz\/#website"},"datePublished":"2020-07-02T12:44:47+00:00","dateModified":"2024-10-04T14:00:27+00:00","breadcrumb":{"@id":"https:\/\/no212.cz\/en\/location\/#breadcrumb"},"inLanguage":"en-US","potentialAction":[{"@type":"ReadAction","target":["https:\/\/no212.cz\/en\/location\/"]}]},{"@type":"BreadcrumbList","@id":"https:\/\/no212.cz\/en\/location\/#breadcrumb","itemListElement":[{"@type":"ListItem","position":1,"name":"Dom\u016f","item":"https:\/\/no212.cz\/en\/"},{"@type":"ListItem","position":2,"name":"Location"}]}]}},"_links":{"self":[{"href":"https:\/\/no212.cz\/en\/wp-json\/wp\/v2\/pages\/25413"}],"collection":[{"href":"https:\/\/no212.cz\/en\/wp-json\/wp\/v2\/pages"}],"about":[{"href":"https:\/\/no212.cz\/en\/wp-json\/wp\/v2\/types\/page"}],"author":[{"embeddable":true,"href":"https:\/\/no212.cz\/en\/wp-json\/wp\/v2\/users\/1"}],"replies":[{"embeddable":true,"href":"https:\/\/no212.cz\/en\/wp-json\/wp\/v2\/comments?post=25413"}],"version-history":[{"count":3,"href":"https:\/\/no212.cz\/en\/wp-json\/wp\/v2\/pages\/25413\/revisions"}],"predecessor-version":[{"id":25486,"href":"https:\/\/no212.cz\/en\/wp-json\/wp\/v2\/pages\/25413\/revisions\/25486"}],"wp:attachment":[{"href":"https:\/\/no212.cz\/en\/wp-json\/wp\/v2\/media?parent=25413"}],"curies":[{"name":"wp","href":"https:\/\/api.w.org\/{rel}","templated":true}]}}